{"id":826,"date":"2023-01-09T22:40:56","date_gmt":"2023-01-09T21:40:56","guid":{"rendered":"https:\/\/justinebyra.com\/?page_id=826"},"modified":"2023-01-12T12:13:27","modified_gmt":"2023-01-12T11:13:27","slug":"a-propos","status":"publish","type":"page","link":"https:\/\/justinebyra.com\/index.php\/a-propos\/","title":{"rendered":"A propos"},"content":{"rendered":"<div data-colibri-id=\"826-c1\" class=\"style-422 style-local-826-c1 position-relative\">\n  <!---->\n  <div data-colibri-component=\"section\" data-colibri-id=\"826-c2\" id=\"about\" class=\"h-section h-section-global-spacing d-flex align-items-lg-center align-items-md-center align-items-center style-423 style-local-826-c2 position-relative\">\n    <!---->\n    <!---->\n    <div class=\"h-section-grid-container h-section-boxed-container\">\n      <!---->\n      <div data-colibri-id=\"826-c3\" class=\"h-row-container gutters-row-lg-0 gutters-row-md-0 gutters-row-0 gutters-row-v-lg-0 gutters-row-v-md-0 gutters-row-v-0 style-424 style-local-826-c3 position-relative\">\n        <!---->\n        <div class=\"h-row justify-content-lg-center justify-content-md-center justify-content-center align-items-lg-stretch align-items-md-stretch align-items-stretch gutters-col-lg-0 gutters-col-md-0 gutters-col-0 gutters-col-v-lg-0 gutters-col-v-md-0 gutters-col-v-0\">\n          <!---->\n          <div class=\"h-column h-column-container d-flex h-col-lg-6 h-col-md-6 h-col-12 style-425-outer style-local-826-c4-outer\">\n            <div data-colibri-id=\"826-c4\" class=\"d-flex h-flex-basis h-column__inner h-ui-empty-state-container h-px-lg-0 h-px-md-0 h-px-0 v-inner-lg-0 v-inner-md-0 v-inner-0 style-425 style-local-826-c4 position-relative\">\n              <!---->\n              <!---->\n              <div class=\"w-100 h-y-container h-column__content h-column__v-align flex-basis-100\">\n                <!---->\n              <\/div>\n            <\/div>\n          <\/div>\n          <div class=\"h-column h-column-container d-flex h-col-lg-6 h-col-md-6 h-col-12 style-426-outer style-local-826-c5-outer\">\n            <div data-colibri-id=\"826-c5\" class=\"d-flex h-flex-basis h-column__inner h-px-lg-2 h-px-md-2 h-px-2 v-inner-lg-2 v-inner-md-2 v-inner-2 style-426 style-local-826-c5 position-relative\">\n              <!---->\n              <!---->\n              <div class=\"w-100 h-y-container h-column__content h-column__v-align flex-basis-100 align-self-lg-start align-self-md-start align-self-start\">\n                <!---->\n                <div data-colibri-id=\"826-c6\" class=\"h-global-transition-all h-heading style-427 style-local-826-c6 position-relative h-element\">\n                  <!---->\n                  <div class=\"h-heading__outer style-427 style-local-826-c6\">\n                    <!---->\n                    <!---->\n                    <h6 class=\"\">A propos de moi<\/h6>\n                  <\/div>\n                <\/div>\n                <div data-colibri-id=\"826-c7\" class=\"h-text h-text-component style-429 style-local-826-c7 position-relative h-element\">\n                  <!---->\n                  <!---->\n                  <div class=\"\">\n                    <p>Il y a des rencontres que l&rsquo;on ne peut oublier.\n                      <br>Un regard et le cours d&rsquo;une vie peut changer.\n                      <br>La mienne a bascule\u0301 le jour ou\u0300 je l&rsquo;ai rencontre\u0301e. Discre\u0300tement et timidement elle s&rsquo;est initie\u0301e dans ma vie.<\/p>\n                    <p>Mes deux anne\u0301es de BTS Photographie au Lyce\u0301e Jean Rostand, m&rsquo;auront re\u0301ve\u0301le\u0301. J&rsquo;ai compris que mon avenir se jouerait ici.<\/p>\n                    <p>Les stages au sein du Journal L&rsquo;Union et aux co\u0302te\u0301s de la photographe Franc\u0327oise Huguier n&rsquo;auront e\u0301te\u0301 qu&rsquo;une confirmation de ma passion pour le reportage.<\/p>\n                    <p>Finaliste du Grand Prix Paris Match en 2016 et 2017, expose\u0301e a\u0300 la 20e\u0300me e\u0301dition du festival Barrobjectif en 2020, je n&rsquo;ai plus aucun doute.<\/p>\n                    <p>A nous deux che\u0300re photographie&#8230;<\/p>\n                  <\/div>\n                <\/div>\n                <div data-colibri-id=\"826-c8\" class=\"h-text h-text-component style-434 style-local-826-c8 position-relative h-element\">\n                  <!---->\n                  <!---->\n                  <div class=\"\">\n                    <p>Photographe ind\u00e9pendante bas\u00e9e sur Fr\u00e9jus, en France et \u00e0 l&rsquo;\u00e9tranger, je suis disponible pour vos commandes.<\/p>\n                    <p>O633880906<\/p>\n                    <p>justine.byra@gmail.com<\/p>\n                  <\/div>\n                <\/div>\n              <\/div>\n            <\/div>\n          <\/div>\n        <\/div>\n      <\/div>\n    <\/div>\n  <\/div>\n<\/div>","protected":false},"excerpt":{"rendered":"<p>A propos de moi Il y a des rencontres que l&rsquo;on ne peut oublier. Un regard et le cours d&rsquo;une vie peut changer. La mienne a bascule\u0301 le jour ou\u0300 je l&rsquo;ai rencontre\u0301e. Discre\u0300tement et timidement elle s&rsquo;est initie\u0301e dans ma vie. Mes deux anne\u0301es de BTS Photographie au Lyce\u0301e Jean Rostand, m&rsquo;auront re\u0301ve\u0301le\u0301. J&rsquo;ai [&hellip;]<\/p>\n","protected":false},"author":1,"featured_media":0,"parent":0,"menu_order":0,"comment_status":"closed","ping_status":"closed","template":"page-templates\/full-width-page.php","meta":[],"_links":{"self":[{"href":"https:\/\/justinebyra.com\/index.php\/wp-json\/wp\/v2\/pages\/826"}],"collection":[{"href":"https:\/\/justinebyra.com\/index.php\/wp-json\/wp\/v2\/pages"}],"about":[{"href":"https:\/\/justinebyra.com\/index.php\/wp-json\/wp\/v2\/types\/page"}],"author":[{"embeddable":true,"href":"https:\/\/justinebyra.com\/index.php\/wp-json\/wp\/v2\/users\/1"}],"replies":[{"embeddable":true,"href":"https:\/\/justinebyra.com\/index.php\/wp-json\/wp\/v2\/comments?post=826"}],"version-history":[{"count":9,"href":"https:\/\/justinebyra.com\/index.php\/wp-json\/wp\/v2\/pages\/826\/revisions"}],"predecessor-version":[{"id":956,"href":"https:\/\/justinebyra.com\/index.php\/wp-json\/wp\/v2\/pages\/826\/revisions\/956"}],"wp:attachment":[{"href":"https:\/\/justinebyra.com\/index.php\/wp-json\/wp\/v2\/media?parent=826"}],"curies":[{"name":"wp","href":"https:\/\/api.w.org\/{rel}","templated":true}]}}