{"id":802,"date":"2023-01-09T17:32:48","date_gmt":"2023-01-09T16:32:48","guid":{"rendered":"https:\/\/justinebyra.com\/?page_id=802"},"modified":"2023-10-23T08:55:20","modified_gmt":"2023-10-23T06:55:20","slug":"le-crabe","status":"publish","type":"page","link":"https:\/\/justinebyra.com\/index.php\/le-crabe\/","title":{"rendered":"Le crabe"},"content":{"rendered":"\t\t<div data-elementor-type=\"wp-page\" data-elementor-id=\"802\" class=\"elementor elementor-802\">\n\t\t\t\t\t\t<div class=\"elementor-inner\">\n\t\t\t\t<div class=\"elementor-section-wrap\">\n\t\t\t\t\t\t\t\t\t<section class=\"elementor-section elementor-top-section elementor-element elementor-element-96f1ffd elementor-section-boxed elementor-section-height-default elementor-section-height-default\" data-id=\"96f1ffd\" data-element_type=\"section\">\n\t\t\t\t\t\t<div class=\"elementor-container elementor-column-gap-default\">\n\t\t\t\t\t\t\t<div class=\"elementor-row\">\n\t\t\t\t\t<div class=\"elementor-column elementor-col-100 elementor-top-column elementor-element elementor-element-b60af7e\" data-id=\"b60af7e\" data-element_type=\"column\">\n\t\t\t<div class=\"elementor-column-wrap elementor-element-populated\">\n\t\t\t\t\t\t\t<div class=\"elementor-widget-wrap\">\n\t\t\t\t\t\t<div class=\"elementor-element elementor-element-2ae23ad elementor-widget elementor-widget-heading\" data-id=\"2ae23ad\" data-element_type=\"widget\" data-widget_type=\"heading.default\">\n\t\t\t\t<div class=\"elementor-widget-container\">\n\t\t\t<h6 class=\"elementor-heading-title elementor-size-xl\">Le crabe<\/h6>\t\t<\/div>\n\t\t\t\t<\/div>\n\t\t\t\t\t\t<\/div>\n\t\t\t\t\t<\/div>\n\t\t<\/div>\n\t\t\t\t\t\t\t\t<\/div>\n\t\t\t\t\t<\/div>\n\t\t<\/section>\n\t\t\t\t<section class=\"elementor-section elementor-top-section elementor-element elementor-element-e107426 elementor-section-boxed elementor-section-height-default elementor-section-height-default\" data-id=\"e107426\" data-element_type=\"section\">\n\t\t\t\t\t\t<div class=\"elementor-container elementor-column-gap-default\">\n\t\t\t\t\t\t\t<div class=\"elementor-row\">\n\t\t\t\t\t<div class=\"elementor-column elementor-col-100 elementor-top-column elementor-element elementor-element-c6fe4b2\" data-id=\"c6fe4b2\" data-element_type=\"column\">\n\t\t\t<div class=\"elementor-column-wrap elementor-element-populated\">\n\t\t\t\t\t\t\t<div class=\"elementor-widget-wrap\">\n\t\t\t\t\t\t<div class=\"elementor-element elementor-element-0972805 elementor-arrows-position-inside elementor-pagination-position-outside elementor-widget elementor-widget-image-carousel\" data-id=\"0972805\" data-element_type=\"widget\" data-settings=\"{&quot;slides_to_show&quot;:&quot;1&quot;,&quot;autoplay&quot;:&quot;no&quot;,&quot;navigation&quot;:&quot;both&quot;,&quot;infinite&quot;:&quot;yes&quot;,&quot;effect&quot;:&quot;slide&quot;,&quot;speed&quot;:500}\" data-widget_type=\"image-carousel.default\">\n\t\t\t\t<div class=\"elementor-widget-container\">\n\t\t\t\t\t<div class=\"elementor-image-carousel-wrapper swiper-container\" dir=\"ltr\">\n\t\t\t<div class=\"elementor-image-carousel swiper-wrapper\">\n\t\t\t\t\t\t\t\t<div class=\"swiper-slide\"><figure class=\"swiper-slide-inner\"><img decoding=\"async\" class=\"swiper-slide-image\" src=\"https:\/\/justinebyra.com\/wp-content\/uploads\/2023\/01\/BYRA-Justine-120-scaled.jpg\" alt=\"M\u00e9lanie est debout sur son 4x4, en plein d\u00e9sert marocain. C&#039;est le dernier jour du Raid Coeur d&#039;Argan, la fatigue se fait sentir, mais elle ne l\u00e2che rien elle doit chercher les balises aux jumelles.\" \/><figcaption class=\"elementor-image-carousel-caption\">M\u00e9lanie est debout sur son 4x4, en plein d\u00e9sert marocain. C'est le dernier jour du Raid Coeur d'Argan, la fatigue se fait sentir, mais elle ne l\u00e2che rien elle doit chercher les balises aux jumelles.<\/figcaption><\/figure><\/div><div class=\"swiper-slide\"><figure class=\"swiper-slide-inner\"><img decoding=\"async\" class=\"swiper-slide-image\" src=\"https:\/\/justinebyra.com\/wp-content\/uploads\/2023\/01\/Le-crabe.jpg\" alt=\"Le crabe\" \/><\/figure><\/div><div class=\"swiper-slide\"><figure class=\"swiper-slide-inner\"><img decoding=\"async\" class=\"swiper-slide-image\" src=\"https:\/\/justinebyra.com\/wp-content\/uploads\/2023\/01\/BYRA-Justine-220-scaled.jpg\" alt=\"Avant, elle avait une crini\u00e8re de lionne. Son cancer du sein est survenu alors qu&#039;elle n&#039;avait que trente quatre ans. Ce n&#039;est pas un cancer h\u00e9r\u00e9ditaire, c&#039;est un cancer \u00ab pas de chance \u00bb comme elle l&#039;appelle. C&#039;est le plus foudroyant, un cancer triple n\u00e9gatif.\" \/><figcaption class=\"elementor-image-carousel-caption\">Avant, elle avait une crini\u00e8re de lionne. Son cancer du sein est survenu alors qu'elle n'avait que trente quatre ans. Ce n'est pas un cancer h\u00e9r\u00e9ditaire, c'est un cancer \u00ab pas de chance \u00bb comme elle l'appelle. C'est le plus foudroyant, un cancer triple n\u00e9gatif.<\/figcaption><\/figure><\/div><div class=\"swiper-slide\"><figure class=\"swiper-slide-inner\"><img decoding=\"async\" class=\"swiper-slide-image\" src=\"https:\/\/justinebyra.com\/wp-content\/uploads\/2023\/01\/BYRA-Justine-320-scaled.jpg\" alt=\"Les chimios, elle en fait depuis le d\u00e9but, elle n&#039;a jamais vraiment arr\u00eat\u00e9 et elle ne les compte plus. Une chimio c&#039;est trois mois de vie en plus, alors m\u00eame si cela est contraignant et fatiguant, elle se doit de continuer. L&#039;injection des m\u00e9dicaments se fait dans le cath\u00e9ter pos\u00e9 sous sa peau.\" \/><figcaption class=\"elementor-image-carousel-caption\">Les chimios, elle en fait depuis le d\u00e9but, elle n'a jamais vraiment arr\u00eat\u00e9 et elle ne les compte plus. Une chimio c'est trois mois de vie en plus, alors m\u00eame si cela est contraignant et fatiguant, elle se doit de continuer. L'injection des m\u00e9dicaments se fait dans le cath\u00e9ter pos\u00e9 sous sa peau.<\/figcaption><\/figure><\/div><div class=\"swiper-slide\"><figure class=\"swiper-slide-inner\"><img decoding=\"async\" class=\"swiper-slide-image\" src=\"https:\/\/justinebyra.com\/wp-content\/uploads\/2023\/01\/BYRA-Justine-420-scaled.jpg\" alt=\"Elle a une heure de route pour aller de chez elle \u00e0 la clinique, elle ne travaille pas le lundi pour se rende \u00e0 ses chimios. L\u00e0 bas, elle conna\u00eet toutes infirmi\u00e8res. L&#039;association Les Bleuets intervient dans le service pour d\u00e9tendre les patients. Aujourd&#039;hui elle se fera masser les pieds et les mollets.\" \/><figcaption class=\"elementor-image-carousel-caption\">Elle a une heure de route pour aller de chez elle \u00e0 la clinique, elle ne travaille pas le lundi pour se rende \u00e0 ses chimios. L\u00e0 bas, elle conna\u00eet toutes infirmi\u00e8res. L'association Les Bleuets intervient dans le service pour d\u00e9tendre les patients. Aujourd'hui elle se fera masser les pieds et les mollets.<\/figcaption><\/figure><\/div><div class=\"swiper-slide\"><figure class=\"swiper-slide-inner\"><img decoding=\"async\" class=\"swiper-slide-image\" src=\"https:\/\/justinebyra.com\/wp-content\/uploads\/2023\/01\/BYRA-Justine-520-scaled.jpg\" alt=\"Les vendredis soirs en famille c&#039;est sacr\u00e9. M\u00e9lanie ses deux filles et son mari se retrouvent dans le salon, se commandent \u00e0 manger et partagent des moments ensemble. Avant le repas les filles et leur papa on fait une petite session d&#039;abdos sur le tapis du salon, ils ont tous bien ri.\" \/><figcaption class=\"elementor-image-carousel-caption\">Les vendredis soirs en famille c'est sacr\u00e9. M\u00e9lanie ses deux filles et son mari se retrouvent dans le salon, se commandent \u00e0 manger et partagent des moments ensemble. Avant le repas les filles et leur papa on fait une petite session d'abdos sur le tapis du salon, ils ont tous bien ri.<\/figcaption><\/figure><\/div><div class=\"swiper-slide\"><figure class=\"swiper-slide-inner\"><img decoding=\"async\" class=\"swiper-slide-image\" src=\"https:\/\/justinebyra.com\/wp-content\/uploads\/2023\/01\/BYRA-Justine-620-scaled.jpg\" alt=\"Dragon Ladies 08, c&#039;est une deuxi\u00e8me famille, \u00e7a l&#039;a \u00e9norm\u00e9ment aid\u00e9 \u00e0 aller de l&#039;avant, le but de l&#039;association est de reconstruire moralement et physiquement apr\u00e8s un cancer du sein. A cette p\u00e9riode, ne pouvant pas pagayer car trop affaiblie, elle venait sur le bateau pour faire du tambour afin de rythmer les autres filles en plein effort.\" \/><figcaption class=\"elementor-image-carousel-caption\">Dragon Ladies 08, c'est une deuxi\u00e8me famille, \u00e7a l'a \u00e9norm\u00e9ment aid\u00e9 \u00e0 aller de l'avant, le but de l'association est de reconstruire moralement et physiquement apr\u00e8s un cancer du sein. A cette p\u00e9riode, ne pouvant pas pagayer car trop affaiblie, elle venait sur le bateau pour faire du tambour afin de rythmer les autres filles en plein effort.<\/figcaption><\/figure><\/div><div class=\"swiper-slide\"><figure class=\"swiper-slide-inner\"><img decoding=\"async\" class=\"swiper-slide-image\" src=\"https:\/\/justinebyra.com\/wp-content\/uploads\/2023\/01\/BYRA-Justine-720-scaled.jpg\" alt=\"C&#039;est \u00e0 la Maison Rose \u00e0 Paris que M\u00e9lanie a rejoint Odr\u00e9 Tattoo une tatoueuse b\u00e9n\u00e9vole pour l&#039;association Rose Tattoo. Dans le cadre d&#039;octobre rose, plusieurs tatoueuses r\u00e9alisent gratuitement des tatouages pour recouvrir les cicatrices inflig\u00e9es au corps apr\u00e8s un cancer du sein. M\u00e9lanie en est a son deuxi\u00e8me tatouage dans ce cadre.\" \/><figcaption class=\"elementor-image-carousel-caption\">C'est \u00e0 la Maison Rose \u00e0 Paris que M\u00e9lanie a rejoint Odr\u00e9 Tattoo une tatoueuse b\u00e9n\u00e9vole pour l'association Rose Tattoo. Dans le cadre d'octobre rose, plusieurs tatoueuses r\u00e9alisent gratuitement des tatouages pour recouvrir les cicatrices inflig\u00e9es au corps apr\u00e8s un cancer du sein. M\u00e9lanie en est a son deuxi\u00e8me tatouage dans ce cadre.<\/figcaption><\/figure><\/div><div class=\"swiper-slide\"><figure class=\"swiper-slide-inner\"><img decoding=\"async\" class=\"swiper-slide-image\" src=\"https:\/\/justinebyra.com\/wp-content\/uploads\/2023\/01\/BYRA-Justine-820-scaled.jpg\" alt=\"Pour participer au Raid Coeur D&#039;argan, M\u00e9lanie et Aur\u00e9lie qui est sa bin\u00f4me et amie, doivent r\u00e9colter de l&#039;argent. Elles ont d\u00e9cid\u00e9 de vendre des gaufres dans leur village, il y a trente litres de p\u00e2te \u00e0 faire. Trouver des fonds, c&#039;est devenu une habitude, c&#039;est leur troisi\u00e8me participation au raid.\" \/><figcaption class=\"elementor-image-carousel-caption\">Pour participer au Raid Coeur D'argan, M\u00e9lanie et Aur\u00e9lie qui est sa bin\u00f4me et amie, doivent r\u00e9colter de l'argent. Elles ont d\u00e9cid\u00e9 de vendre des gaufres dans leur village, il y a trente litres de p\u00e2te \u00e0 faire. Trouver des fonds, c'est devenu une habitude, c'est leur troisi\u00e8me participation au raid.<\/figcaption><\/figure><\/div><div class=\"swiper-slide\"><figure class=\"swiper-slide-inner\"><img decoding=\"async\" class=\"swiper-slide-image\" src=\"https:\/\/justinebyra.com\/wp-content\/uploads\/2023\/01\/BYRA-Justine-920-scaled.jpg\" alt=\"Octobre rose est un moment important pour l&#039;association Dragon Ladies 08. Les filles ouvrent la journ\u00e9e en effectuant une balade sur la Meuse. C&#039;est une journ\u00e9e o\u00f9 elles font d\u00e9couvrir leur sport et o\u00f9 elles font de la pr\u00e9vention pour le cancer du sein.\" \/><figcaption class=\"elementor-image-carousel-caption\">Octobre rose est un moment important pour l'association Dragon Ladies 08. Les filles ouvrent la journ\u00e9e en effectuant une balade sur la Meuse. C'est une journ\u00e9e o\u00f9 elles font d\u00e9couvrir leur sport et o\u00f9 elles font de la pr\u00e9vention pour le cancer du sein.<\/figcaption><\/figure><\/div><div class=\"swiper-slide\"><figure class=\"swiper-slide-inner\"><img decoding=\"async\" class=\"swiper-slide-image\" src=\"https:\/\/justinebyra.com\/wp-content\/uploads\/2023\/01\/BYRA-Justine-1020-scaled.jpg\" alt=\"Pr\u00e9parer octobre rose, c&#039;est gonfler des ballons une demie journ\u00e9e, confectionner les lots pour la tombola, et \u00e9tablir un planning pour l&#039;ordre de passage du bateau. Les filles partagent de bons moments, c&#039;est ce qui soude leurs liens.\" \/><figcaption class=\"elementor-image-carousel-caption\">Pr\u00e9parer octobre rose, c'est gonfler des ballons une demie journ\u00e9e, confectionner les lots pour la tombola, et \u00e9tablir un planning pour l'ordre de passage du bateau. Les filles partagent de bons moments, c'est ce qui soude leurs liens.<\/figcaption><\/figure><\/div><div class=\"swiper-slide\"><figure class=\"swiper-slide-inner\"><img decoding=\"async\" class=\"swiper-slide-image\" src=\"https:\/\/justinebyra.com\/wp-content\/uploads\/2023\/01\/BYRA-Justine-1120-scaled.jpg\" alt=\"Il est sept heure, le jour n&#039;est pas encore lev\u00e9 et M\u00e9lanie est d\u00e9j\u00e0 sur tous les fronts. Elle accroche les ballons gonfl\u00e9s la veille. La ville de Charleville- M\u00e9zi\u00e8res va se couvrir de rose le temps d&#039;une journ\u00e9e. Tout est fait pour que l&#039;\u00e9v\u00e8nement ne passe pas inaper\u00e7ue.\" \/><figcaption class=\"elementor-image-carousel-caption\">Il est sept heure, le jour n'est pas encore lev\u00e9 et M\u00e9lanie est d\u00e9j\u00e0 sur tous les fronts. Elle accroche les ballons gonfl\u00e9s la veille. La ville de Charleville- M\u00e9zi\u00e8res va se couvrir de rose le temps d'une journ\u00e9e. Tout est fait pour que l'\u00e9v\u00e8nement ne passe pas inaper\u00e7ue.<\/figcaption><\/figure><\/div><div class=\"swiper-slide\"><figure class=\"swiper-slide-inner\"><img decoding=\"async\" class=\"swiper-slide-image\" src=\"https:\/\/justinebyra.com\/wp-content\/uploads\/2023\/01\/BYRA-Justine-1220-scaled.jpg\" alt=\"Raid Coeur d&#039;argan c&#039;est la rencontre de plusieurs femmes, des quatre coins de la France, unies pour une seule et m\u00eame cause. Alors apr\u00e8s une semaine dans le d\u00e9sert des liens forts se cr\u00e9ent. Les Arganettes se sont retrouv\u00e9es \u00e0 Paris le temps d&#039;un week-end pour profiter de la vie. C&#039;est gr\u00e2ce \u00e0 leur amiti\u00e9 que M\u00e9lanie a tenu le coup apr\u00e8s sa rechute.\" \/><figcaption class=\"elementor-image-carousel-caption\">Raid Coeur d'argan c'est la rencontre de plusieurs femmes, des quatre coins de la France, unies pour une seule et m\u00eame cause. Alors apr\u00e8s une semaine dans le d\u00e9sert des liens forts se cr\u00e9ent. Les Arganettes se sont retrouv\u00e9es \u00e0 Paris le temps d'un week-end pour profiter de la vie. C'est gr\u00e2ce \u00e0 leur amiti\u00e9 que M\u00e9lanie a tenu le coup apr\u00e8s sa rechute.<\/figcaption><\/figure><\/div><div class=\"swiper-slide\"><figure class=\"swiper-slide-inner\"><img decoding=\"async\" class=\"swiper-slide-image\" src=\"https:\/\/justinebyra.com\/wp-content\/uploads\/2023\/01\/BYRA-Justine-1320-scaled.jpg\" alt=\"Apr\u00e8s l&#039;\u00e9cole, M\u00e9lanie aime passer du temps avec ses deux filles. L&#039;annonce de la maladie n&#039;a pas \u00e9t\u00e9 simple pour Nina et Soa. Lorsque leur maman a perdu ses cheveux, elles ont voulu qu&#039;elle porte une perruque et puis, elle se sont fait \u00e0 cette nouvelle coiffure.\" \/><figcaption class=\"elementor-image-carousel-caption\">Apr\u00e8s l'\u00e9cole, M\u00e9lanie aime passer du temps avec ses deux filles. L'annonce de la maladie n'a pas \u00e9t\u00e9 simple pour Nina et Soa. Lorsque leur maman a perdu ses cheveux, elles ont voulu qu'elle porte une perruque et puis, elle se sont fait \u00e0 cette nouvelle coiffure.<\/figcaption><\/figure><\/div><div class=\"swiper-slide\"><figure class=\"swiper-slide-inner\"><img decoding=\"async\" class=\"swiper-slide-image\" src=\"https:\/\/justinebyra.com\/wp-content\/uploads\/2023\/01\/BYRA-Justine-1420-scaled.jpg\" alt=\"Dans son petit bureau, M\u00e9lanie g\u00e8re l&#039;administratif d&#039;une r\u00e9sidence pour s\u00e9niors. Reprendre le travail \u00e0 temps plein est un soulagement pour elle, mais la fatigue n&#039;est jamais bien loin. Avec les chimios, il faut suivre le rythme.\" \/><figcaption class=\"elementor-image-carousel-caption\">Dans son petit bureau, M\u00e9lanie g\u00e8re l'administratif d'une r\u00e9sidence pour s\u00e9niors. Reprendre le travail \u00e0 temps plein est un soulagement pour elle, mais la fatigue n'est jamais bien loin. Avec les chimios, il faut suivre le rythme.<\/figcaption><\/figure><\/div><div class=\"swiper-slide\"><figure class=\"swiper-slide-inner\"><img decoding=\"async\" class=\"swiper-slide-image\" src=\"https:\/\/justinebyra.com\/wp-content\/uploads\/2023\/01\/BYRA-Justine-1520-scaled.jpg\" alt=\"L&#039;esth\u00e9ticienne suit M\u00e9lanie depuis des ann\u00e9es. Elle l&#039;a vu dans les pires moments de son cancer. Apr\u00e8s les premi\u00e8res chimios, elles avait les ongles noirs, fins et friables. Il \u00e9tait difficile de poser quelque chose dessus. Ses ongles sont une marque de f\u00e9minit\u00e9, maintenant qu&#039;ils sont redevenus comme avant, elle en profite pour les colorer.\" \/><figcaption class=\"elementor-image-carousel-caption\">L'esth\u00e9ticienne suit M\u00e9lanie depuis des ann\u00e9es. Elle l'a vu dans les pires moments de son cancer. Apr\u00e8s les premi\u00e8res chimios, elles avait les ongles noirs, fins et friables. Il \u00e9tait difficile de poser quelque chose dessus. Ses ongles sont une marque de f\u00e9minit\u00e9, maintenant qu'ils sont redevenus comme avant, elle en profite pour les colorer.<\/figcaption><\/figure><\/div><div class=\"swiper-slide\"><figure class=\"swiper-slide-inner\"><img decoding=\"async\" class=\"swiper-slide-image\" src=\"https:\/\/justinebyra.com\/wp-content\/uploads\/2023\/01\/BYRA-Justine-1620-scaled.jpg\" alt=\"Les cils et les sourcils, c&#039;est ce qui souligne un regard. Avec les chimios, M\u00e9lanie les a perdus, ce qui est tr\u00e8s difficile pour elle. Lors de la journ\u00e9e octobre rose, des esth\u00e9ticiennes b\u00e9n\u00e9voles sont venues pour offrir un instant bien-\u00eatre aux femmes et les embellir. La pose de faux cils pour M\u00e9lanie est un petit instant de reprise en main de soi.\" \/><figcaption class=\"elementor-image-carousel-caption\">Les cils et les sourcils, c'est ce qui souligne un regard. Avec les chimios, M\u00e9lanie les a perdus, ce qui est tr\u00e8s difficile pour elle. Lors de la journ\u00e9e octobre rose, des esth\u00e9ticiennes b\u00e9n\u00e9voles sont venues pour offrir un instant bien-\u00eatre aux femmes et les embellir. La pose de faux cils pour M\u00e9lanie est un petit instant de reprise en main de soi.<\/figcaption><\/figure><\/div><div class=\"swiper-slide\"><figure class=\"swiper-slide-inner\"><img decoding=\"async\" class=\"swiper-slide-image\" src=\"https:\/\/justinebyra.com\/wp-content\/uploads\/2023\/01\/BYRA-Justine-1720-scaled.jpg\" alt=\"Avec la covid, les entra\u00eenements sur le bateau ne peuvent avoir lieu. Des ateliers musculation sont donc planifi\u00e9s pour que les filles ne perdent pas le rythme et pour qu&#039;elles continuent \u00e0 garder une activit\u00e9 physique pour leur reconstruction. Tous les samedi matin, M\u00e9lanie y participe.\" \/><figcaption class=\"elementor-image-carousel-caption\">Avec la covid, les entra\u00eenements sur le bateau ne peuvent avoir lieu. Des ateliers musculation sont donc planifi\u00e9s pour que les filles ne perdent pas le rythme et pour qu'elles continuent \u00e0 garder une activit\u00e9 physique pour leur reconstruction. Tous les samedi matin, M\u00e9lanie y participe.<\/figcaption><\/figure><\/div><div class=\"swiper-slide\"><figure class=\"swiper-slide-inner\"><img decoding=\"async\" class=\"swiper-slide-image\" src=\"https:\/\/justinebyra.com\/wp-content\/uploads\/2023\/01\/BYRA-Justine-1820-scaled.jpg\" alt=\"Elle vient de d\u00e9valer la dune en roulant sur elle m\u00eame, c&#039;est pour elle un moyen de se sentir vivante. C&#039;est son troisi\u00e8me Raid au Maroc, lors de son deuxi\u00e8me voyage elle a appris sa rechute, ce raid \u00e9tait donc une \u00e9vidence pour boucler la boucle.\" \/><figcaption class=\"elementor-image-carousel-caption\">Elle vient de d\u00e9valer la dune en roulant sur elle m\u00eame, c'est pour elle un moyen de se sentir vivante. C'est son troisi\u00e8me Raid au Maroc, lors de son deuxi\u00e8me voyage elle a appris sa rechute, ce raid \u00e9tait donc une \u00e9vidence pour boucler la boucle.<\/figcaption><\/figure><\/div><div class=\"swiper-slide\"><figure class=\"swiper-slide-inner\"><img decoding=\"async\" class=\"swiper-slide-image\" src=\"https:\/\/justinebyra.com\/wp-content\/uploads\/2023\/01\/BYRA-Justine-1920-scaled.jpg\" alt=\"Ces femmes ne se connaissaient pas avant de partir au Maroc, sur place elles ont tout partag\u00e9, les peines comme les fous rires. Une alchimie s&#039;est cr\u00e9\u00e9e avec comme mot d&#039;ordre l&#039;entraide, surtout quand il est question de trouver son chemin au milieu des dunes avec une boussole et un road book.\" \/><figcaption class=\"elementor-image-carousel-caption\">Ces femmes ne se connaissaient pas avant de partir au Maroc, sur place elles ont tout partag\u00e9, les peines comme les fous rires. Une alchimie s'est cr\u00e9\u00e9e avec comme mot d'ordre l'entraide, surtout quand il est question de trouver son chemin au milieu des dunes avec une boussole et un road book.<\/figcaption><\/figure><\/div>\t\t\t<\/div>\n\t\t\t\t\t\t\t\t\t\t\t\t<div class=\"swiper-pagination\"><\/div>\n\t\t\t\t\t\t\t\t\t\t\t\t\t<div class=\"elementor-swiper-button elementor-swiper-button-prev\">\n\t\t\t\t\t\t<i aria-hidden=\"true\" class=\"eicon-chevron-left\"><\/i>\t\t\t\t\t\t<span class=\"elementor-screen-only\">Pr\u00e9c\u00e9dent<\/span>\n\t\t\t\t\t<\/div>\n\t\t\t\t\t<div class=\"elementor-swiper-button elementor-swiper-button-next\">\n\t\t\t\t\t\t<i aria-hidden=\"true\" class=\"eicon-chevron-right\"><\/i>\t\t\t\t\t\t<span class=\"elementor-screen-only\">Suivant<\/span>\n\t\t\t\t\t<\/div>\n\t\t\t\t\t\t\t\t\t<\/div>\n\t\t\t\t<\/div>\n\t\t\t\t<\/div>\n\t\t\t\t\t\t<\/div>\n\t\t\t\t\t<\/div>\n\t\t<\/div>\n\t\t\t\t\t\t\t\t<\/div>\n\t\t\t\t\t<\/div>\n\t\t<\/section>\n\t\t\t\t\t\t\t\t\t<\/div>\n\t\t\t<\/div>\n\t\t\t\t\t<\/div>\n\t\t","protected":false},"excerpt":{"rendered":"<p>Le crabe M\u00e9lanie est debout sur son 4&#215;4, en plein d\u00e9sert marocain. C&rsquo;est le dernier jour du Raid Coeur d&rsquo;Argan, la fatigue se fait sentir, mais elle ne l\u00e2che rien elle doit chercher les balises aux jumelles.Avant, elle avait une crini\u00e8re de lionne. Son cancer du sein est survenu alors qu&rsquo;elle n&rsquo;avait que trente quatre [&hellip;]<\/p>\n","protected":false},"author":1,"featured_media":0,"parent":0,"menu_order":0,"comment_status":"closed","ping_status":"closed","template":"page-templates\/full-width-page.php","meta":[],"_links":{"self":[{"href":"https:\/\/justinebyra.com\/index.php\/wp-json\/wp\/v2\/pages\/802"}],"collection":[{"href":"https:\/\/justinebyra.com\/index.php\/wp-json\/wp\/v2\/pages"}],"about":[{"href":"https:\/\/justinebyra.com\/index.php\/wp-json\/wp\/v2\/types\/page"}],"author":[{"embeddable":true,"href":"https:\/\/justinebyra.com\/index.php\/wp-json\/wp\/v2\/users\/1"}],"replies":[{"embeddable":true,"href":"https:\/\/justinebyra.com\/index.php\/wp-json\/wp\/v2\/comments?post=802"}],"version-history":[{"count":11,"href":"https:\/\/justinebyra.com\/index.php\/wp-json\/wp\/v2\/pages\/802\/revisions"}],"predecessor-version":[{"id":1056,"href":"https:\/\/justinebyra.com\/index.php\/wp-json\/wp\/v2\/pages\/802\/revisions\/1056"}],"wp:attachment":[{"href":"https:\/\/justinebyra.com\/index.php\/wp-json\/wp\/v2\/media?parent=802"}],"curies":[{"name":"wp","href":"https:\/\/api.w.org\/{rel}","templated":true}]}}