{"id":665,"date":"2020-11-29T18:25:37","date_gmt":"2020-11-29T17:25:37","guid":{"rendered":"http:\/\/justinebyra.com\/?page_id=665"},"modified":"2023-01-10T00:02:35","modified_gmt":"2023-01-09T23:02:35","slug":"publications","status":"publish","type":"page","link":"https:\/\/justinebyra.com\/index.php\/publications\/","title":{"rendered":"Publications"},"content":{"rendered":"\t\t<div data-elementor-type=\"wp-page\" data-elementor-id=\"665\" class=\"elementor elementor-665\">\n\t\t\t\t\t\t<div class=\"elementor-inner\">\n\t\t\t\t<div class=\"elementor-section-wrap\">\n\t\t\t\t\t\t\t\t\t<section class=\"elementor-section elementor-top-section elementor-element elementor-element-d990cc1 elementor-section-boxed elementor-section-height-default elementor-section-height-default\" data-id=\"d990cc1\" data-element_type=\"section\">\n\t\t\t\t\t\t<div class=\"elementor-container elementor-column-gap-default\">\n\t\t\t\t\t\t\t<div class=\"elementor-row\">\n\t\t\t\t\t<div class=\"elementor-column elementor-col-100 elementor-top-column elementor-element elementor-element-4625d46\" data-id=\"4625d46\" data-element_type=\"column\">\n\t\t\t<div class=\"elementor-column-wrap elementor-element-populated\">\n\t\t\t\t\t\t\t<div class=\"elementor-widget-wrap\">\n\t\t\t\t\t\t<div class=\"elementor-element elementor-element-2b0f036 elementor-widget elementor-widget-heading\" data-id=\"2b0f036\" data-element_type=\"widget\" data-widget_type=\"heading.default\">\n\t\t\t\t<div class=\"elementor-widget-container\">\n\t\t\t<h6 class=\"elementor-heading-title elementor-size-xl\">Publications<\/h6>\t\t<\/div>\n\t\t\t\t<\/div>\n\t\t\t\t\t\t<\/div>\n\t\t\t\t\t<\/div>\n\t\t<\/div>\n\t\t\t\t\t\t\t\t<\/div>\n\t\t\t\t\t<\/div>\n\t\t<\/section>\n\t\t\t\t<section class=\"elementor-section elementor-top-section elementor-element elementor-element-7e50fb4 elementor-section-boxed elementor-section-height-default elementor-section-height-default\" data-id=\"7e50fb4\" data-element_type=\"section\">\n\t\t\t\t\t\t<div class=\"elementor-container elementor-column-gap-default\">\n\t\t\t\t\t\t\t<div class=\"elementor-row\">\n\t\t\t\t\t<div class=\"elementor-column elementor-col-100 elementor-top-column elementor-element elementor-element-9a76738\" data-id=\"9a76738\" data-element_type=\"column\">\n\t\t\t<div class=\"elementor-column-wrap elementor-element-populated\">\n\t\t\t\t\t\t\t<div class=\"elementor-widget-wrap\">\n\t\t\t\t\t\t<div class=\"elementor-element elementor-element-b7d8fba elementor-arrows-position-inside elementor-pagination-position-outside elementor-widget elementor-widget-image-carousel\" data-id=\"b7d8fba\" data-element_type=\"widget\" data-settings=\"{&quot;slides_to_show&quot;:&quot;1&quot;,&quot;navigation&quot;:&quot;both&quot;,&quot;autoplay&quot;:&quot;yes&quot;,&quot;pause_on_hover&quot;:&quot;yes&quot;,&quot;pause_on_interaction&quot;:&quot;yes&quot;,&quot;autoplay_speed&quot;:5000,&quot;infinite&quot;:&quot;yes&quot;,&quot;effect&quot;:&quot;slide&quot;,&quot;speed&quot;:500}\" data-widget_type=\"image-carousel.default\">\n\t\t\t\t<div class=\"elementor-widget-container\">\n\t\t\t\t\t<div class=\"elementor-image-carousel-wrapper swiper-container\" dir=\"ltr\">\n\t\t\t<div class=\"elementor-image-carousel swiper-wrapper\">\n\t\t\t\t\t\t\t\t<div class=\"swiper-slide\"><figure class=\"swiper-slide-inner\"><img decoding=\"async\" class=\"swiper-slide-image\" src=\"https:\/\/justinebyra.com\/wp-content\/uploads\/2020\/11\/Capture-d\u2019e\u0301cran-2020-11-29-a\u0300-18.51.25-768x789.png\" alt=\"Festival Barrobjectif \u00e9dition 2019\" \/><figcaption class=\"elementor-image-carousel-caption\">Festival Barrobjectif \u00e9dition 2019<\/figcaption><\/figure><\/div><div class=\"swiper-slide\"><figure class=\"swiper-slide-inner\"><img decoding=\"async\" class=\"swiper-slide-image\" src=\"https:\/\/justinebyra.com\/wp-content\/uploads\/2020\/11\/Capture-d\u2019e\u0301cran-2020-11-29-a\u0300-18.45.52-768x715.png\" alt=\"Festival Barrobjectif \u00e9dition 2019\" \/><figcaption class=\"elementor-image-carousel-caption\">Festival Barrobjectif \u00e9dition 2019<\/figcaption><\/figure><\/div><div class=\"swiper-slide\"><figure class=\"swiper-slide-inner\"><img decoding=\"async\" class=\"swiper-slide-image\" src=\"https:\/\/justinebyra.com\/wp-content\/uploads\/2020\/11\/paris-match-2017.jpg\" alt=\"Grand Prix Paris Match 2017 (30\/06\/2017)\nPr\u00e9s\u00e9lectionn\u00e9e dans les 25 sur 80000 candidats au Grand Prix Photoreportage Etudiant Paris Match 2016 avec le reportage Pr\u00e9lude d&#039;un champion olympique .\n\nReportage visible ici : http:\/\/grand-prix-photo-reportage.parismatch.com\/2017\/prelude-dun-champion-olympique-2405\" \/><figcaption class=\"elementor-image-carousel-caption\">Grand Prix Paris Match 2017 (30\/06\/2017)\nPr\u00e9s\u00e9lectionn\u00e9e dans les 25 sur 80000 candidats au Grand Prix Photoreportage Etudiant Paris Match 2016 avec le reportage Pr\u00e9lude d'un champion olympique .\n\nReportage visible ici : http:\/\/grand-prix-photo-reportage.parismatch.com\/2017\/prelude-dun-champion-olympique-2405<\/figcaption><\/figure><\/div><div class=\"swiper-slide\"><figure class=\"swiper-slide-inner\"><img decoding=\"async\" class=\"swiper-slide-image\" src=\"https:\/\/justinebyra.com\/wp-content\/uploads\/2020\/11\/Plaquette-CNAC-4.jpg\" alt=\"Plaquette CNAC  Magazine 01\/02\/2017\" \/><figcaption class=\"elementor-image-carousel-caption\">Plaquette CNAC  Magazine 01\/02\/2017<\/figcaption><\/figure><\/div><div class=\"swiper-slide\"><figure class=\"swiper-slide-inner\"><img decoding=\"async\" class=\"swiper-slide-image\" src=\"https:\/\/justinebyra.com\/wp-content\/uploads\/2020\/11\/Plaquette-CNAC-3.jpg\" alt=\"Plaquette CNAC \nMagazine 01\/02\/2017\" \/><figcaption class=\"elementor-image-carousel-caption\">Plaquette CNAC \nMagazine 01\/02\/2017<\/figcaption><\/figure><\/div><div class=\"swiper-slide\"><figure class=\"swiper-slide-inner\"><img decoding=\"async\" class=\"swiper-slide-image\" src=\"https:\/\/justinebyra.com\/wp-content\/uploads\/2020\/11\/plaquette-CNAC.jpg\" alt=\"Plaquette CNAC\nMagazine 01\/02\/2017\" \/><figcaption class=\"elementor-image-carousel-caption\">Plaquette CNAC\nMagazine 01\/02\/2017<\/figcaption><\/figure><\/div><div class=\"swiper-slide\"><figure class=\"swiper-slide-inner\"><img decoding=\"async\" class=\"swiper-slide-image\" src=\"https:\/\/justinebyra.com\/wp-content\/uploads\/2020\/11\/Plaquette-CNAC-2.jpg\" alt=\"Plaquette CNAC\nMagazine 01\/02\/2017\" \/><figcaption class=\"elementor-image-carousel-caption\">Plaquette CNAC\nMagazine 01\/02\/2017<\/figcaption><\/figure><\/div><div class=\"swiper-slide\"><figure class=\"swiper-slide-inner\"><img decoding=\"async\" class=\"swiper-slide-image\" src=\"https:\/\/justinebyra.com\/wp-content\/uploads\/2020\/11\/Capture-768x761.png\" alt=\"Grand Prix Paris Match 2016 (29\/04\/2016)\n\n  Pr\u00e9s\u00e9lectionn\u00e9e dans les 27 sur 55000 candidats au Grand Prix Photoreportage Etudiant Paris Match 2016 avec le reportage Vivre ou survivre ? .  Reportage visible ici : http:\/\/grand-prix-photo-reportage.parismatch.com\/2016\/vivre-ou-survivre-1217\" \/><figcaption class=\"elementor-image-carousel-caption\">Grand Prix Paris Match 2016 (29\/04\/2016)\n\n  Pr\u00e9s\u00e9lectionn\u00e9e dans les 27 sur 55000 candidats au Grand Prix Photoreportage Etudiant Paris Match 2016 avec le reportage Vivre ou survivre ? .  Reportage visible ici : http:\/\/grand-prix-photo-reportage.parismatch.com\/2016\/vivre-ou-survivre-1217<\/figcaption><\/figure><\/div>\t\t\t<\/div>\n\t\t\t\t\t\t\t\t\t\t\t\t<div class=\"swiper-pagination\"><\/div>\n\t\t\t\t\t\t\t\t\t\t\t\t\t<div class=\"elementor-swiper-button elementor-swiper-button-prev\">\n\t\t\t\t\t\t<i aria-hidden=\"true\" class=\"eicon-chevron-left\"><\/i>\t\t\t\t\t\t<span class=\"elementor-screen-only\">Pr\u00e9c\u00e9dent<\/span>\n\t\t\t\t\t<\/div>\n\t\t\t\t\t<div class=\"elementor-swiper-button elementor-swiper-button-next\">\n\t\t\t\t\t\t<i aria-hidden=\"true\" class=\"eicon-chevron-right\"><\/i>\t\t\t\t\t\t<span class=\"elementor-screen-only\">Suivant<\/span>\n\t\t\t\t\t<\/div>\n\t\t\t\t\t\t\t\t\t<\/div>\n\t\t\t\t<\/div>\n\t\t\t\t<\/div>\n\t\t\t\t\t\t<\/div>\n\t\t\t\t\t<\/div>\n\t\t<\/div>\n\t\t\t\t\t\t\t\t<\/div>\n\t\t\t\t\t<\/div>\n\t\t<\/section>\n\t\t\t\t\t\t\t\t\t<\/div>\n\t\t\t<\/div>\n\t\t\t\t\t<\/div>\n\t\t","protected":false},"excerpt":{"rendered":"<p>Publications Festival Barrobjectif \u00e9dition 2019 Festival Barrobjectif \u00e9dition 2019 Grand Prix Paris Match 2017 (30\/06\/2017) Pr\u00e9s\u00e9lectionn\u00e9e dans les 25 sur 80000 candidats au Grand Prix Photoreportage Etudiant Paris Match 2016 avec le reportage Pr\u00e9lude d&rsquo;un champion olympique . Reportage visible ici : http:\/\/grand-prix-photo-reportage.parismatch.com\/2017\/prelude-dun-champion-olympique-2405 Plaquette CNAC Magazine 01\/02\/2017 Plaquette CNAC Magazine 01\/02\/2017 Plaquette CNAC Magazine 01\/02\/2017 [&hellip;]<\/p>\n","protected":false},"author":1,"featured_media":0,"parent":0,"menu_order":0,"comment_status":"closed","ping_status":"closed","template":"","meta":[],"_links":{"self":[{"href":"https:\/\/justinebyra.com\/index.php\/wp-json\/wp\/v2\/pages\/665"}],"collection":[{"href":"https:\/\/justinebyra.com\/index.php\/wp-json\/wp\/v2\/pages"}],"about":[{"href":"https:\/\/justinebyra.com\/index.php\/wp-json\/wp\/v2\/types\/page"}],"author":[{"embeddable":true,"href":"https:\/\/justinebyra.com\/index.php\/wp-json\/wp\/v2\/users\/1"}],"replies":[{"embeddable":true,"href":"https:\/\/justinebyra.com\/index.php\/wp-json\/wp\/v2\/comments?post=665"}],"version-history":[{"count":6,"href":"https:\/\/justinebyra.com\/index.php\/wp-json\/wp\/v2\/pages\/665\/revisions"}],"predecessor-version":[{"id":878,"href":"https:\/\/justinebyra.com\/index.php\/wp-json\/wp\/v2\/pages\/665\/revisions\/878"}],"wp:attachment":[{"href":"https:\/\/justinebyra.com\/index.php\/wp-json\/wp\/v2\/media?parent=665"}],"curies":[{"name":"wp","href":"https:\/\/api.w.org\/{rel}","templated":true}]}}