{"id":27,"date":"2020-04-24T17:20:42","date_gmt":"2020-04-24T15:20:42","guid":{"rendered":"http:\/\/justinebyra.com\/?page_id=27"},"modified":"2023-01-10T12:36:44","modified_gmt":"2023-01-10T11:36:44","slug":"vivre-ou-survivre","status":"publish","type":"page","link":"https:\/\/justinebyra.com\/index.php\/vivre-ou-survivre\/","title":{"rendered":"Vivre ou survivre ?"},"content":{"rendered":"\t\t<div data-elementor-type=\"wp-page\" data-elementor-id=\"27\" class=\"elementor elementor-27\">\n\t\t\t\t\t\t<div class=\"elementor-inner\">\n\t\t\t\t<div class=\"elementor-section-wrap\">\n\t\t\t\t\t\t\t\t\t<section class=\"elementor-section elementor-top-section elementor-element elementor-element-bfe5461 elementor-section-boxed elementor-section-height-default elementor-section-height-default\" data-id=\"bfe5461\" data-element_type=\"section\">\n\t\t\t\t\t\t<div class=\"elementor-container elementor-column-gap-default\">\n\t\t\t\t\t\t\t<div class=\"elementor-row\">\n\t\t\t\t\t<div class=\"elementor-column elementor-col-100 elementor-top-column elementor-element elementor-element-1695f8a\" data-id=\"1695f8a\" data-element_type=\"column\">\n\t\t\t<div class=\"elementor-column-wrap elementor-element-populated\">\n\t\t\t\t\t\t\t<div class=\"elementor-widget-wrap\">\n\t\t\t\t\t\t<div class=\"elementor-element elementor-element-4e7661c elementor-widget elementor-widget-heading\" data-id=\"4e7661c\" data-element_type=\"widget\" data-widget_type=\"heading.default\">\n\t\t\t\t<div class=\"elementor-widget-container\">\n\t\t\t<h6 class=\"elementor-heading-title elementor-size-default\">Vivre ou survivre<\/h6>\t\t<\/div>\n\t\t\t\t<\/div>\n\t\t\t\t\t\t<\/div>\n\t\t\t\t\t<\/div>\n\t\t<\/div>\n\t\t\t\t\t\t\t\t<\/div>\n\t\t\t\t\t<\/div>\n\t\t<\/section>\n\t\t\t\t<section class=\"elementor-section elementor-top-section elementor-element elementor-element-f5cad4a elementor-section-boxed elementor-section-height-default elementor-section-height-default\" data-id=\"f5cad4a\" data-element_type=\"section\">\n\t\t\t\t\t\t<div class=\"elementor-container elementor-column-gap-default\">\n\t\t\t\t\t\t\t<div class=\"elementor-row\">\n\t\t\t\t\t<div class=\"elementor-column elementor-col-100 elementor-top-column elementor-element elementor-element-4cda77a\" data-id=\"4cda77a\" data-element_type=\"column\">\n\t\t\t<div class=\"elementor-column-wrap elementor-element-populated\">\n\t\t\t\t\t\t\t<div class=\"elementor-widget-wrap\">\n\t\t\t\t\t\t<div class=\"elementor-element elementor-element-fbc50a0 elementor-arrows-position-inside elementor-pagination-position-outside elementor-widget elementor-widget-image-carousel\" data-id=\"fbc50a0\" data-element_type=\"widget\" data-settings=\"{&quot;slides_to_show&quot;:&quot;1&quot;,&quot;navigation&quot;:&quot;both&quot;,&quot;autoplay&quot;:&quot;yes&quot;,&quot;pause_on_hover&quot;:&quot;yes&quot;,&quot;pause_on_interaction&quot;:&quot;yes&quot;,&quot;autoplay_speed&quot;:5000,&quot;infinite&quot;:&quot;yes&quot;,&quot;effect&quot;:&quot;slide&quot;,&quot;speed&quot;:500}\" data-widget_type=\"image-carousel.default\">\n\t\t\t\t<div class=\"elementor-widget-container\">\n\t\t\t\t\t<div class=\"elementor-image-carousel-wrapper swiper-container\" dir=\"ltr\">\n\t\t\t<div class=\"elementor-image-carousel swiper-wrapper\">\n\t\t\t\t\t\t\t\t<div class=\"swiper-slide\"><figure class=\"swiper-slide-inner\"><img decoding=\"async\" class=\"swiper-slide-image\" src=\"https:\/\/justinebyra.com\/wp-content\/uploads\/2020\/04\/1-scaled.jpg\" alt=\"Un homme seul se l\u00e8ve dans le camp au petit matin.\" \/><figcaption class=\"elementor-image-carousel-caption\">Un homme seul se l\u00e8ve dans le camp au petit matin.<\/figcaption><\/figure><\/div><div class=\"swiper-slide\"><figure class=\"swiper-slide-inner\"><img decoding=\"async\" class=\"swiper-slide-image\" src=\"https:\/\/justinebyra.com\/wp-content\/uploads\/2020\/06\/Calais.jpg\" alt=\"Calais\" \/><\/figure><\/div><div class=\"swiper-slide\"><figure class=\"swiper-slide-inner\"><img decoding=\"async\" class=\"swiper-slide-image\" src=\"https:\/\/justinebyra.com\/wp-content\/uploads\/2020\/04\/2-scaled.jpg\" alt=\"Le coiffeur est un moment de d\u00e9tente privil\u00e9gi\u00e9.\" \/><figcaption class=\"elementor-image-carousel-caption\">Le coiffeur est un moment de d\u00e9tente privil\u00e9gi\u00e9.<\/figcaption><\/figure><\/div><div class=\"swiper-slide\"><figure class=\"swiper-slide-inner\"><img decoding=\"async\" class=\"swiper-slide-image\" src=\"https:\/\/justinebyra.com\/wp-content\/uploads\/2020\/04\/3-scaled.jpg\" alt=\"Des galettes de pain cuisent sur les parois du four.\" \/><figcaption class=\"elementor-image-carousel-caption\">Des galettes de pain cuisent sur les parois du four.<\/figcaption><\/figure><\/div><div class=\"swiper-slide\"><figure class=\"swiper-slide-inner\"><img decoding=\"async\" class=\"swiper-slide-image\" src=\"https:\/\/justinebyra.com\/wp-content\/uploads\/2020\/04\/4-scaled.jpg\" alt=\"Le poulet est un incontournable du repas.\" \/><figcaption class=\"elementor-image-carousel-caption\">Le poulet est un incontournable du repas.<\/figcaption><\/figure><\/div><div class=\"swiper-slide\"><figure class=\"swiper-slide-inner\"><img decoding=\"async\" class=\"swiper-slide-image\" src=\"https:\/\/justinebyra.com\/wp-content\/uploads\/2020\/04\/5-scaled.jpg\" alt=\"La nuit tombe doucement sur le camp, les cabanes s&#039;allument petit \u00e0 petit.\" \/><figcaption class=\"elementor-image-carousel-caption\">La nuit tombe doucement sur le camp, les cabanes s'allument petit \u00e0 petit.<\/figcaption><\/figure><\/div><div class=\"swiper-slide\"><figure class=\"swiper-slide-inner\"><img decoding=\"async\" class=\"swiper-slide-image\" src=\"https:\/\/justinebyra.com\/wp-content\/uploads\/2020\/04\/6-scaled.jpg\" alt=\"Le lit est pr\u00eat, la nuit sera courte.\" \/><figcaption class=\"elementor-image-carousel-caption\">Le lit est pr\u00eat, la nuit sera courte.<\/figcaption><\/figure><\/div><div class=\"swiper-slide\"><figure class=\"swiper-slide-inner\"><img decoding=\"async\" class=\"swiper-slide-image\" src=\"https:\/\/justinebyra.com\/wp-content\/uploads\/2020\/04\/7-scaled.jpg\" alt=\"Au croisement d&#039;une rue, une entr\u00e9e.\" \/><figcaption class=\"elementor-image-carousel-caption\">Au croisement d'une rue, une entr\u00e9e.<\/figcaption><\/figure><\/div><div class=\"swiper-slide\"><figure class=\"swiper-slide-inner\"><img decoding=\"async\" class=\"swiper-slide-image\" src=\"https:\/\/justinebyra.com\/wp-content\/uploads\/2020\/04\/8-scaled.jpg\" alt=\"Au chaud dans la caravane, une m\u00e8re r\u00eave d&#039;un avenir pour ses enfants.\" \/><figcaption class=\"elementor-image-carousel-caption\">Au chaud dans la caravane, une m\u00e8re r\u00eave d'un avenir pour ses enfants.<\/figcaption><\/figure><\/div><div class=\"swiper-slide\"><figure class=\"swiper-slide-inner\"><img decoding=\"async\" class=\"swiper-slide-image\" src=\"https:\/\/justinebyra.com\/wp-content\/uploads\/2020\/04\/9-scaled.jpg\" alt=\"C&#039;est l&#039;heure du go\u00fbter pour ce petit gar\u00e7on malicieux.\" \/><figcaption class=\"elementor-image-carousel-caption\">C'est l'heure du go\u00fbter pour ce petit gar\u00e7on malicieux.<\/figcaption><\/figure><\/div><div class=\"swiper-slide\"><figure class=\"swiper-slide-inner\"><img decoding=\"async\" class=\"swiper-slide-image\" src=\"https:\/\/justinebyra.com\/wp-content\/uploads\/2020\/04\/10-scaled.jpg\" alt=\"L&#039;hiver est tomb\u00e9, il est temps de tricoter une \u00e9charpe.\" \/><figcaption class=\"elementor-image-carousel-caption\">L'hiver est tomb\u00e9, il est temps de tricoter une \u00e9charpe.<\/figcaption><\/figure><\/div><div class=\"swiper-slide\"><figure class=\"swiper-slide-inner\"><img decoding=\"async\" class=\"swiper-slide-image\" src=\"https:\/\/justinebyra.com\/wp-content\/uploads\/2020\/04\/11-scaled.jpg\" alt=\"Fr\u00e8re et s\u0153ur se chamaillent en riant.\" \/><figcaption class=\"elementor-image-carousel-caption\">Fr\u00e8re et s\u0153ur se chamaillent en riant.<\/figcaption><\/figure><\/div><div class=\"swiper-slide\"><figure class=\"swiper-slide-inner\"><img decoding=\"async\" class=\"swiper-slide-image\" src=\"https:\/\/justinebyra.com\/wp-content\/uploads\/2020\/04\/12-scaled.jpg\" alt=\"Le camp s&#039;anime doucement.\" \/><figcaption class=\"elementor-image-carousel-caption\">Le camp s'anime doucement.<\/figcaption><\/figure><\/div><div class=\"swiper-slide\"><figure class=\"swiper-slide-inner\"><img decoding=\"async\" class=\"swiper-slide-image\" src=\"https:\/\/justinebyra.com\/wp-content\/uploads\/2020\/04\/13-scaled.jpg\" alt=\"Le soleil l\u00e9ger caresse le linge \u00e9tendu.\" \/><figcaption class=\"elementor-image-carousel-caption\">Le soleil l\u00e9ger caresse le linge \u00e9tendu.<\/figcaption><\/figure><\/div>\t\t\t<\/div>\n\t\t\t\t\t\t\t\t\t\t\t\t<div class=\"swiper-pagination\"><\/div>\n\t\t\t\t\t\t\t\t\t\t\t\t\t<div class=\"elementor-swiper-button elementor-swiper-button-prev\">\n\t\t\t\t\t\t<i aria-hidden=\"true\" class=\"eicon-chevron-left\"><\/i>\t\t\t\t\t\t<span class=\"elementor-screen-only\">Pr\u00e9c\u00e9dent<\/span>\n\t\t\t\t\t<\/div>\n\t\t\t\t\t<div class=\"elementor-swiper-button elementor-swiper-button-next\">\n\t\t\t\t\t\t<i aria-hidden=\"true\" class=\"eicon-chevron-right\"><\/i>\t\t\t\t\t\t<span class=\"elementor-screen-only\">Suivant<\/span>\n\t\t\t\t\t<\/div>\n\t\t\t\t\t\t\t\t\t<\/div>\n\t\t\t\t<\/div>\n\t\t\t\t<\/div>\n\t\t\t\t\t\t<\/div>\n\t\t\t\t\t<\/div>\n\t\t<\/div>\n\t\t\t\t\t\t\t\t<\/div>\n\t\t\t\t\t<\/div>\n\t\t<\/section>\n\t\t\t\t\t\t\t\t\t<\/div>\n\t\t\t<\/div>\n\t\t\t\t\t<\/div>\n\t\t","protected":false},"excerpt":{"rendered":"<p>Vivre ou survivre Un homme seul se l\u00e8ve dans le camp au petit matin. Le coiffeur est un moment de d\u00e9tente privil\u00e9gi\u00e9. Des galettes de pain cuisent sur les parois du four. Le poulet est un incontournable du repas. La nuit tombe doucement sur le camp, les cabanes s&rsquo;allument petit \u00e0 petit. Le lit est [&hellip;]<\/p>\n","protected":false},"author":1,"featured_media":0,"parent":0,"menu_order":0,"comment_status":"closed","ping_status":"closed","template":"","meta":[],"_links":{"self":[{"href":"https:\/\/justinebyra.com\/index.php\/wp-json\/wp\/v2\/pages\/27"}],"collection":[{"href":"https:\/\/justinebyra.com\/index.php\/wp-json\/wp\/v2\/pages"}],"about":[{"href":"https:\/\/justinebyra.com\/index.php\/wp-json\/wp\/v2\/types\/page"}],"author":[{"embeddable":true,"href":"https:\/\/justinebyra.com\/index.php\/wp-json\/wp\/v2\/users\/1"}],"replies":[{"embeddable":true,"href":"https:\/\/justinebyra.com\/index.php\/wp-json\/wp\/v2\/comments?post=27"}],"version-history":[{"count":23,"href":"https:\/\/justinebyra.com\/index.php\/wp-json\/wp\/v2\/pages\/27\/revisions"}],"predecessor-version":[{"id":895,"href":"https:\/\/justinebyra.com\/index.php\/wp-json\/wp\/v2\/pages\/27\/revisions\/895"}],"wp:attachment":[{"href":"https:\/\/justinebyra.com\/index.php\/wp-json\/wp\/v2\/media?parent=27"}],"curies":[{"name":"wp","href":"https:\/\/api.w.org\/{rel}","templated":true}]}}