{"id":26,"date":"2020-04-27T16:49:53","date_gmt":"2020-04-27T14:49:53","guid":{"rendered":"http:\/\/justinebyra.com\/?page_id=26"},"modified":"2023-01-10T12:45:43","modified_gmt":"2023-01-10T11:45:43","slug":"prelude-dun-champion-olympique","status":"publish","type":"page","link":"https:\/\/justinebyra.com\/index.php\/prelude-dun-champion-olympique\/","title":{"rendered":"Pr\u00e9lude d&rsquo;un champion olympique"},"content":{"rendered":"\t\t<div data-elementor-type=\"wp-page\" data-elementor-id=\"26\" class=\"elementor elementor-26\">\n\t\t\t\t\t\t<div class=\"elementor-inner\">\n\t\t\t\t<div class=\"elementor-section-wrap\">\n\t\t\t\t\t\t\t\t\t<section class=\"elementor-section elementor-top-section elementor-element elementor-element-3818268 elementor-section-boxed elementor-section-height-default elementor-section-height-default\" data-id=\"3818268\" data-element_type=\"section\">\n\t\t\t\t\t\t<div class=\"elementor-container elementor-column-gap-default\">\n\t\t\t\t\t\t\t<div class=\"elementor-row\">\n\t\t\t\t\t<div class=\"elementor-column elementor-col-100 elementor-top-column elementor-element elementor-element-4f1ef98\" data-id=\"4f1ef98\" data-element_type=\"column\">\n\t\t\t<div class=\"elementor-column-wrap elementor-element-populated\">\n\t\t\t\t\t\t\t<div class=\"elementor-widget-wrap\">\n\t\t\t\t\t\t<div class=\"elementor-element elementor-element-9702c7c elementor-widget elementor-widget-heading\" data-id=\"9702c7c\" data-element_type=\"widget\" data-widget_type=\"heading.default\">\n\t\t\t\t<div class=\"elementor-widget-container\">\n\t\t\t<h6 class=\"elementor-heading-title elementor-size-xl\">Prelude d'un champion olympique<\/h6>\t\t<\/div>\n\t\t\t\t<\/div>\n\t\t\t\t\t\t<\/div>\n\t\t\t\t\t<\/div>\n\t\t<\/div>\n\t\t\t\t\t\t\t\t<\/div>\n\t\t\t\t\t<\/div>\n\t\t<\/section>\n\t\t\t\t<section class=\"elementor-section elementor-top-section elementor-element elementor-element-3764cd8 elementor-section-boxed elementor-section-height-default elementor-section-height-default\" data-id=\"3764cd8\" data-element_type=\"section\">\n\t\t\t\t\t\t<div class=\"elementor-container elementor-column-gap-default\">\n\t\t\t\t\t\t\t<div class=\"elementor-row\">\n\t\t\t\t\t<div class=\"elementor-column elementor-col-100 elementor-top-column elementor-element elementor-element-c98b9a6\" data-id=\"c98b9a6\" data-element_type=\"column\">\n\t\t\t<div class=\"elementor-column-wrap elementor-element-populated\">\n\t\t\t\t\t\t\t<div class=\"elementor-widget-wrap\">\n\t\t\t\t\t\t<div class=\"elementor-element elementor-element-a1bdd6c elementor-arrows-position-inside elementor-pagination-position-outside elementor-widget elementor-widget-image-carousel\" data-id=\"a1bdd6c\" data-element_type=\"widget\" data-settings=\"{&quot;slides_to_show&quot;:&quot;1&quot;,&quot;navigation&quot;:&quot;both&quot;,&quot;autoplay&quot;:&quot;yes&quot;,&quot;pause_on_hover&quot;:&quot;yes&quot;,&quot;pause_on_interaction&quot;:&quot;yes&quot;,&quot;autoplay_speed&quot;:5000,&quot;infinite&quot;:&quot;yes&quot;,&quot;effect&quot;:&quot;slide&quot;,&quot;speed&quot;:500}\" data-widget_type=\"image-carousel.default\">\n\t\t\t\t<div class=\"elementor-widget-container\">\n\t\t\t\t\t<div class=\"elementor-image-carousel-wrapper swiper-container\" dir=\"ltr\">\n\t\t\t<div class=\"elementor-image-carousel swiper-wrapper\">\n\t\t\t\t\t\t\t\t<div class=\"swiper-slide\"><figure class=\"swiper-slide-inner\"><img decoding=\"async\" class=\"swiper-slide-image\" src=\"https:\/\/justinebyra.com\/wp-content\/uploads\/2020\/04\/byra_justine_01-scaled.jpg\" alt=\"Simon se r\u00e9veil p\u00e9niblement.\" \/><figcaption class=\"elementor-image-carousel-caption\">Simon se r\u00e9veil p\u00e9niblement.<\/figcaption><\/figure><\/div><div class=\"swiper-slide\"><figure class=\"swiper-slide-inner\"><img decoding=\"async\" class=\"swiper-slide-image\" src=\"https:\/\/justinebyra.com\/wp-content\/uploads\/2020\/05\/Simon.jpg\" alt=\"Simon\" \/><\/figure><\/div><div class=\"swiper-slide\"><figure class=\"swiper-slide-inner\"><img decoding=\"async\" class=\"swiper-slide-image\" src=\"https:\/\/justinebyra.com\/wp-content\/uploads\/2020\/04\/byra_justine_02-scaled.jpg\" alt=\"Il est temps de se v\u00eatir.\" \/><figcaption class=\"elementor-image-carousel-caption\">Il est temps de se v\u00eatir.<\/figcaption><\/figure><\/div><div class=\"swiper-slide\"><figure class=\"swiper-slide-inner\"><img decoding=\"async\" class=\"swiper-slide-image\" src=\"https:\/\/justinebyra.com\/wp-content\/uploads\/2020\/04\/byra_justine_03-scaled.jpg\" alt=\"Silence religieux au petit d\u00e9jeuner.\" \/><figcaption class=\"elementor-image-carousel-caption\">Silence religieux au petit d\u00e9jeuner.<\/figcaption><\/figure><\/div><div class=\"swiper-slide\"><figure class=\"swiper-slide-inner\"><img decoding=\"async\" class=\"swiper-slide-image\" src=\"https:\/\/justinebyra.com\/wp-content\/uploads\/2020\/04\/byra_justine_04-scaled.jpg\" alt=\"Le coffre charg\u00e9, direction la piscine.\" \/><figcaption class=\"elementor-image-carousel-caption\">Le coffre charg\u00e9, direction la piscine.<\/figcaption><\/figure><\/div><div class=\"swiper-slide\"><figure class=\"swiper-slide-inner\"><img decoding=\"async\" class=\"swiper-slide-image\" src=\"https:\/\/justinebyra.com\/wp-content\/uploads\/2020\/04\/byra_justine_05-scaled.jpg\" alt=\"Son p\u00e8re veille, les temps doivent \u00eatre respect\u00e9s.\" \/><figcaption class=\"elementor-image-carousel-caption\">Son p\u00e8re veille, les temps doivent \u00eatre respect\u00e9s.<\/figcaption><\/figure><\/div><div class=\"swiper-slide\"><figure class=\"swiper-slide-inner\"><img decoding=\"async\" class=\"swiper-slide-image\" src=\"https:\/\/justinebyra.com\/wp-content\/uploads\/2020\/04\/byra_justine_06-scaled.jpg\" alt=\"Charg\u00e9, les jambes lourdes, il regagne les vestiaires.\" \/><figcaption class=\"elementor-image-carousel-caption\">Charg\u00e9, les jambes lourdes, il regagne les vestiaires.<\/figcaption><\/figure><\/div><div class=\"swiper-slide\"><figure class=\"swiper-slide-inner\"><img decoding=\"async\" class=\"swiper-slide-image\" src=\"https:\/\/justinebyra.com\/wp-content\/uploads\/2020\/04\/byra_justine_07-scaled.jpg\" alt=\"Le tee-shirt est pr\u00eat \u00e0 \u00eatre enfil\u00e9, commencement d&#039;une nouvelle journ\u00e9e de travail.\" \/><figcaption class=\"elementor-image-carousel-caption\">Le tee-shirt est pr\u00eat \u00e0 \u00eatre enfil\u00e9, commencement d'une nouvelle journ\u00e9e de travail.<\/figcaption><\/figure><\/div><div class=\"swiper-slide\"><figure class=\"swiper-slide-inner\"><img decoding=\"async\" class=\"swiper-slide-image\" src=\"https:\/\/justinebyra.com\/wp-content\/uploads\/2020\/04\/byra_justine_08-scaled.jpg\" alt=\"Petit moment de d\u00e9tente devant la console avant la reprise.\" \/><figcaption class=\"elementor-image-carousel-caption\">Petit moment de d\u00e9tente devant la console avant la reprise.<\/figcaption><\/figure><\/div><div class=\"swiper-slide\"><figure class=\"swiper-slide-inner\"><img decoding=\"async\" class=\"swiper-slide-image\" src=\"https:\/\/justinebyra.com\/wp-content\/uploads\/2020\/04\/byra_justine_09-scaled.jpg\" alt=\"Les m\u00e9dailles sont expos\u00e9es dans sa chambre, une fiert\u00e9.\" \/><figcaption class=\"elementor-image-carousel-caption\">Les m\u00e9dailles sont expos\u00e9es dans sa chambre, une fiert\u00e9.<\/figcaption><\/figure><\/div><div class=\"swiper-slide\"><figure class=\"swiper-slide-inner\"><img decoding=\"async\" class=\"swiper-slide-image\" src=\"https:\/\/justinebyra.com\/wp-content\/uploads\/2020\/04\/byra_justine_10-scaled.jpg\" alt=\"Allong\u00e9 sur un banc, il travaille sa masse musculaire.\" \/><figcaption class=\"elementor-image-carousel-caption\">Allong\u00e9 sur un banc, il travaille sa masse musculaire.<\/figcaption><\/figure><\/div><div class=\"swiper-slide\"><figure class=\"swiper-slide-inner\"><img decoding=\"async\" class=\"swiper-slide-image\" src=\"https:\/\/justinebyra.com\/wp-content\/uploads\/2020\/04\/byra_justine_11-scaled.jpg\" alt=\"Une piscine au nom de cette famille de champions.\" \/><figcaption class=\"elementor-image-carousel-caption\">Une piscine au nom de cette famille de champions.<\/figcaption><\/figure><\/div><div class=\"swiper-slide\"><figure class=\"swiper-slide-inner\"><img decoding=\"async\" class=\"swiper-slide-image\" src=\"https:\/\/justinebyra.com\/wp-content\/uploads\/2020\/04\/byra_justine_12-scaled.jpg\" alt=\"Encha\u00eenement des longueurs sans faillir.\" \/><figcaption class=\"elementor-image-carousel-caption\">Encha\u00eenement des longueurs sans faillir.<\/figcaption><\/figure><\/div><div class=\"swiper-slide\"><figure class=\"swiper-slide-inner\"><img decoding=\"async\" class=\"swiper-slide-image\" src=\"https:\/\/justinebyra.com\/wp-content\/uploads\/2020\/04\/byra_justine_13-scaled.jpg\" alt=\"La petite douche est bien chaude pour se relaxer.\" \/><figcaption class=\"elementor-image-carousel-caption\">La petite douche est bien chaude pour se relaxer.<\/figcaption><\/figure><\/div><div class=\"swiper-slide\"><figure class=\"swiper-slide-inner\"><img decoding=\"async\" class=\"swiper-slide-image\" src=\"https:\/\/justinebyra.com\/wp-content\/uploads\/2020\/04\/byra_justine_14-scaled.jpg\" alt=\"Il faut se s\u00e9cher en vitesse, la journ\u00e9e prend fin.\" \/><figcaption class=\"elementor-image-carousel-caption\">Il faut se s\u00e9cher en vitesse, la journ\u00e9e prend fin.<\/figcaption><\/figure><\/div><div class=\"swiper-slide\"><figure class=\"swiper-slide-inner\"><img decoding=\"async\" class=\"swiper-slide-image\" src=\"https:\/\/justinebyra.com\/wp-content\/uploads\/2020\/04\/byra_justine_15-scaled.jpg\" alt=\"Les portes se ferment, demain sera un autre jour.\" \/><figcaption class=\"elementor-image-carousel-caption\">Les portes se ferment, demain sera un autre jour.<\/figcaption><\/figure><\/div>\t\t\t<\/div>\n\t\t\t\t\t\t\t\t\t\t\t\t<div class=\"swiper-pagination\"><\/div>\n\t\t\t\t\t\t\t\t\t\t\t\t\t<div class=\"elementor-swiper-button elementor-swiper-button-prev\">\n\t\t\t\t\t\t<i aria-hidden=\"true\" class=\"eicon-chevron-left\"><\/i>\t\t\t\t\t\t<span class=\"elementor-screen-only\">Pr\u00e9c\u00e9dent<\/span>\n\t\t\t\t\t<\/div>\n\t\t\t\t\t<div class=\"elementor-swiper-button elementor-swiper-button-next\">\n\t\t\t\t\t\t<i aria-hidden=\"true\" class=\"eicon-chevron-right\"><\/i>\t\t\t\t\t\t<span class=\"elementor-screen-only\">Suivant<\/span>\n\t\t\t\t\t<\/div>\n\t\t\t\t\t\t\t\t\t<\/div>\n\t\t\t\t<\/div>\n\t\t\t\t<\/div>\n\t\t\t\t\t\t<\/div>\n\t\t\t\t\t<\/div>\n\t\t<\/div>\n\t\t\t\t\t\t\t\t<\/div>\n\t\t\t\t\t<\/div>\n\t\t<\/section>\n\t\t\t\t\t\t\t\t\t<\/div>\n\t\t\t<\/div>\n\t\t\t\t\t<\/div>\n\t\t","protected":false},"excerpt":{"rendered":"<p>Prelude d&rsquo;un champion olympique Simon se r\u00e9veil p\u00e9niblement. Il est temps de se v\u00eatir. Silence religieux au petit d\u00e9jeuner. Le coffre charg\u00e9, direction la piscine. Son p\u00e8re veille, les temps doivent \u00eatre respect\u00e9s. Charg\u00e9, les jambes lourdes, il regagne les vestiaires. Le tee-shirt est pr\u00eat \u00e0 \u00eatre enfil\u00e9, commencement d&rsquo;une nouvelle journ\u00e9e de travail. Petit [&hellip;]<\/p>\n","protected":false},"author":1,"featured_media":0,"parent":0,"menu_order":0,"comment_status":"closed","ping_status":"closed","template":"","meta":[],"_links":{"self":[{"href":"https:\/\/justinebyra.com\/index.php\/wp-json\/wp\/v2\/pages\/26"}],"collection":[{"href":"https:\/\/justinebyra.com\/index.php\/wp-json\/wp\/v2\/pages"}],"about":[{"href":"https:\/\/justinebyra.com\/index.php\/wp-json\/wp\/v2\/types\/page"}],"author":[{"embeddable":true,"href":"https:\/\/justinebyra.com\/index.php\/wp-json\/wp\/v2\/users\/1"}],"replies":[{"embeddable":true,"href":"https:\/\/justinebyra.com\/index.php\/wp-json\/wp\/v2\/comments?post=26"}],"version-history":[{"count":8,"href":"https:\/\/justinebyra.com\/index.php\/wp-json\/wp\/v2\/pages\/26\/revisions"}],"predecessor-version":[{"id":896,"href":"https:\/\/justinebyra.com\/index.php\/wp-json\/wp\/v2\/pages\/26\/revisions\/896"}],"wp:attachment":[{"href":"https:\/\/justinebyra.com\/index.php\/wp-json\/wp\/v2\/media?parent=26"}],"curies":[{"name":"wp","href":"https:\/\/api.w.org\/{rel}","templated":true}]}}