{"id":25,"date":"2020-04-27T16:49:53","date_gmt":"2020-04-27T14:49:53","guid":{"rendered":"http:\/\/justinebyra.com\/?page_id=25"},"modified":"2023-01-10T14:32:12","modified_gmt":"2023-01-10T13:32:12","slug":"el-edificio","status":"publish","type":"page","link":"https:\/\/justinebyra.com\/index.php\/el-edificio\/","title":{"rendered":"L&rsquo;\u00e9difice aux multiples fa\u00e7ades"},"content":{"rendered":"\t\t<div data-elementor-type=\"wp-page\" data-elementor-id=\"25\" class=\"elementor elementor-25\">\n\t\t\t\t\t\t<div class=\"elementor-inner\">\n\t\t\t\t<div class=\"elementor-section-wrap\">\n\t\t\t\t\t\t\t\t\t<section class=\"elementor-section elementor-top-section elementor-element elementor-element-1443977 elementor-section-boxed elementor-section-height-default elementor-section-height-default\" data-id=\"1443977\" data-element_type=\"section\">\n\t\t\t\t\t\t<div class=\"elementor-container elementor-column-gap-default\">\n\t\t\t\t\t\t\t<div class=\"elementor-row\">\n\t\t\t\t\t<div class=\"elementor-column elementor-col-100 elementor-top-column elementor-element elementor-element-cdecc19\" data-id=\"cdecc19\" data-element_type=\"column\">\n\t\t\t<div class=\"elementor-column-wrap elementor-element-populated\">\n\t\t\t\t\t\t\t<div class=\"elementor-widget-wrap\">\n\t\t\t\t\t\t<div class=\"elementor-element elementor-element-93b8409 elementor-widget elementor-widget-heading\" data-id=\"93b8409\" data-element_type=\"widget\" data-widget_type=\"heading.default\">\n\t\t\t\t<div class=\"elementor-widget-container\">\n\t\t\t<h6 class=\"elementor-heading-title elementor-size-xl\">L'edifice aux multiples fa\u00e7ades<\/h6>\t\t<\/div>\n\t\t\t\t<\/div>\n\t\t\t\t\t\t<\/div>\n\t\t\t\t\t<\/div>\n\t\t<\/div>\n\t\t\t\t\t\t\t\t<\/div>\n\t\t\t\t\t<\/div>\n\t\t<\/section>\n\t\t\t\t<section class=\"elementor-section elementor-top-section elementor-element elementor-element-971fdc7 elementor-section-boxed elementor-section-height-default elementor-section-height-default\" data-id=\"971fdc7\" data-element_type=\"section\">\n\t\t\t\t\t\t<div class=\"elementor-container elementor-column-gap-default\">\n\t\t\t\t\t\t\t<div class=\"elementor-row\">\n\t\t\t\t\t<div class=\"elementor-column elementor-col-100 elementor-top-column elementor-element elementor-element-bfadf6d\" data-id=\"bfadf6d\" data-element_type=\"column\">\n\t\t\t<div class=\"elementor-column-wrap elementor-element-populated\">\n\t\t\t\t\t\t\t<div class=\"elementor-widget-wrap\">\n\t\t\t\t\t\t<div class=\"elementor-element elementor-element-b3bdf16 elementor-arrows-position-inside elementor-pagination-position-outside elementor-widget elementor-widget-image-carousel\" data-id=\"b3bdf16\" data-element_type=\"widget\" data-settings=\"{&quot;slides_to_show&quot;:&quot;1&quot;,&quot;navigation&quot;:&quot;both&quot;,&quot;autoplay&quot;:&quot;yes&quot;,&quot;pause_on_hover&quot;:&quot;yes&quot;,&quot;pause_on_interaction&quot;:&quot;yes&quot;,&quot;autoplay_speed&quot;:5000,&quot;infinite&quot;:&quot;yes&quot;,&quot;effect&quot;:&quot;slide&quot;,&quot;speed&quot;:500}\" data-widget_type=\"image-carousel.default\">\n\t\t\t\t<div class=\"elementor-widget-container\">\n\t\t\t\t\t<div class=\"elementor-image-carousel-wrapper swiper-container\" dir=\"ltr\">\n\t\t\t<div class=\"elementor-image-carousel swiper-wrapper\">\n\t\t\t\t\t\t\t\t<div class=\"swiper-slide\"><figure class=\"swiper-slide-inner\"><img decoding=\"async\" class=\"swiper-slide-image\" src=\"https:\/\/justinebyra.com\/wp-content\/uploads\/2020\/04\/01_Justine-Byra-scaled.jpg\" alt=\"La cour aux teintes chatoyantes\" \/><figcaption class=\"elementor-image-carousel-caption\">La cour aux teintes chatoyantes<\/figcaption><\/figure><\/div><div class=\"swiper-slide\"><figure class=\"swiper-slide-inner\"><img decoding=\"async\" class=\"swiper-slide-image\" src=\"https:\/\/justinebyra.com\/wp-content\/uploads\/2020\/06\/Cuba.jpg\" alt=\"Cuba\" \/><\/figure><\/div><div class=\"swiper-slide\"><figure class=\"swiper-slide-inner\"><img decoding=\"async\" class=\"swiper-slide-image\" src=\"https:\/\/justinebyra.com\/wp-content\/uploads\/2020\/04\/02_Justine-Byra-scaled.jpg\" alt=\"Une entr\u00e9e gard\u00e9e\" \/><figcaption class=\"elementor-image-carousel-caption\"> Une entr\u00e9e gard\u00e9e<\/figcaption><\/figure><\/div><div class=\"swiper-slide\"><figure class=\"swiper-slide-inner\"><img decoding=\"async\" class=\"swiper-slide-image\" src=\"https:\/\/justinebyra.com\/wp-content\/uploads\/2020\/04\/03_Justine-Byra-scaled.jpg\" alt=\"Une confection minutieuse\" \/><figcaption class=\"elementor-image-carousel-caption\">Une confection minutieuse<\/figcaption><\/figure><\/div><div class=\"swiper-slide\"><figure class=\"swiper-slide-inner\"><img decoding=\"async\" class=\"swiper-slide-image\" src=\"https:\/\/justinebyra.com\/wp-content\/uploads\/2020\/04\/04_Justine-Byra-scaled.jpg\" alt=\"Une d\u00e9coration soign\u00e9e\" \/><figcaption class=\"elementor-image-carousel-caption\">Une d\u00e9coration soign\u00e9e<\/figcaption><\/figure><\/div><div class=\"swiper-slide\"><figure class=\"swiper-slide-inner\"><img decoding=\"async\" class=\"swiper-slide-image\" src=\"https:\/\/justinebyra.com\/wp-content\/uploads\/2020\/04\/05_Justine-Byra-scaled.jpg\" alt=\"La cellule 506\" \/><figcaption class=\"elementor-image-carousel-caption\">La cellule 506<\/figcaption><\/figure><\/div><div class=\"swiper-slide\"><figure class=\"swiper-slide-inner\"><img decoding=\"async\" class=\"swiper-slide-image\" src=\"https:\/\/justinebyra.com\/wp-content\/uploads\/2020\/04\/06_Justine-Byra-scaled.jpg\" alt=\"\u00c9bullition en cuisine\" \/><figcaption class=\"elementor-image-carousel-caption\">\u00c9bullition en cuisine<\/figcaption><\/figure><\/div><div class=\"swiper-slide\"><figure class=\"swiper-slide-inner\"><img decoding=\"async\" class=\"swiper-slide-image\" src=\"https:\/\/justinebyra.com\/wp-content\/uploads\/2020\/04\/07_Justine-Byra-scaled.jpg\" alt=\"Une pi\u00e8ce ma\u00eetresse imposante\" \/><figcaption class=\"elementor-image-carousel-caption\">Une pi\u00e8ce ma\u00eetresse imposante<\/figcaption><\/figure><\/div><div class=\"swiper-slide\"><figure class=\"swiper-slide-inner\"><img decoding=\"async\" class=\"swiper-slide-image\" src=\"https:\/\/justinebyra.com\/wp-content\/uploads\/2020\/04\/08_Justine-Byra-scaled.jpg\" alt=\"Partie de baseball improvis\u00e9e\" \/><figcaption class=\"elementor-image-carousel-caption\">Partie de baseball improvis\u00e9e<\/figcaption><\/figure><\/div><div class=\"swiper-slide\"><figure class=\"swiper-slide-inner\"><img decoding=\"async\" class=\"swiper-slide-image\" src=\"https:\/\/justinebyra.com\/wp-content\/uploads\/2020\/04\/09_Justine-Byra-scaled.jpg\" alt=\"Un lien avec l&#039;ext\u00e9rieur\" \/><figcaption class=\"elementor-image-carousel-caption\">Un lien avec l'ext\u00e9rieur<\/figcaption><\/figure><\/div><div class=\"swiper-slide\"><figure class=\"swiper-slide-inner\"><img decoding=\"async\" class=\"swiper-slide-image\" src=\"https:\/\/justinebyra.com\/wp-content\/uploads\/2020\/04\/10_Justine-Byra-scaled.jpg\" alt=\"La verdure sur le palier\" \/><figcaption class=\"elementor-image-carousel-caption\">La verdure sur le palier<\/figcaption><\/figure><\/div><div class=\"swiper-slide\"><figure class=\"swiper-slide-inner\"><img decoding=\"async\" class=\"swiper-slide-image\" src=\"https:\/\/justinebyra.com\/wp-content\/uploads\/2020\/04\/11_Justine-Byra-scaled.jpg\" alt=\"Le linge propre ramass\u00e9\" \/><figcaption class=\"elementor-image-carousel-caption\">Le linge propre ramass\u00e9<\/figcaption><\/figure><\/div><div class=\"swiper-slide\"><figure class=\"swiper-slide-inner\"><img decoding=\"async\" class=\"swiper-slide-image\" src=\"https:\/\/justinebyra.com\/wp-content\/uploads\/2020\/04\/12_Justine-Byra-scaled.jpg\" alt=\"L&#039;air frais s&#039;engouffre\" \/><figcaption class=\"elementor-image-carousel-caption\"> L'air frais s'engouffre<\/figcaption><\/figure><\/div><div class=\"swiper-slide\"><figure class=\"swiper-slide-inner\"><img decoding=\"async\" class=\"swiper-slide-image\" src=\"https:\/\/justinebyra.com\/wp-content\/uploads\/2020\/04\/13_Justine-Byra-scaled.jpg\" alt=\"Un cabinet exigu\" \/><figcaption class=\"elementor-image-carousel-caption\">Un cabinet exigu<\/figcaption><\/figure><\/div><div class=\"swiper-slide\"><figure class=\"swiper-slide-inner\"><img decoding=\"async\" class=\"swiper-slide-image\" src=\"https:\/\/justinebyra.com\/wp-content\/uploads\/2020\/04\/14_Justine-Byra-scaled.jpg\" alt=\"Un brin de toilette express\" \/><figcaption class=\"elementor-image-carousel-caption\">Un brin de toilette express<\/figcaption><\/figure><\/div><div class=\"swiper-slide\"><figure class=\"swiper-slide-inner\"><img decoding=\"async\" class=\"swiper-slide-image\" src=\"https:\/\/justinebyra.com\/wp-content\/uploads\/2020\/04\/15_Justine-Byra-scaled.jpg\" alt=\"L&#039;attente r\u00eaveuse\" \/><figcaption class=\"elementor-image-carousel-caption\">L'attente r\u00eaveuse<\/figcaption><\/figure><\/div>\t\t\t<\/div>\n\t\t\t\t\t\t\t\t\t\t\t\t<div class=\"swiper-pagination\"><\/div>\n\t\t\t\t\t\t\t\t\t\t\t\t\t<div class=\"elementor-swiper-button elementor-swiper-button-prev\">\n\t\t\t\t\t\t<i aria-hidden=\"true\" class=\"eicon-chevron-left\"><\/i>\t\t\t\t\t\t<span class=\"elementor-screen-only\">Pr\u00e9c\u00e9dent<\/span>\n\t\t\t\t\t<\/div>\n\t\t\t\t\t<div class=\"elementor-swiper-button elementor-swiper-button-next\">\n\t\t\t\t\t\t<i aria-hidden=\"true\" class=\"eicon-chevron-right\"><\/i>\t\t\t\t\t\t<span class=\"elementor-screen-only\">Suivant<\/span>\n\t\t\t\t\t<\/div>\n\t\t\t\t\t\t\t\t\t<\/div>\n\t\t\t\t<\/div>\n\t\t\t\t<\/div>\n\t\t\t\t\t\t<\/div>\n\t\t\t\t\t<\/div>\n\t\t<\/div>\n\t\t\t\t\t\t\t\t<\/div>\n\t\t\t\t\t<\/div>\n\t\t<\/section>\n\t\t\t\t\t\t\t\t\t<\/div>\n\t\t\t<\/div>\n\t\t\t\t\t<\/div>\n\t\t","protected":false},"excerpt":{"rendered":"<p>L&rsquo;edifice aux multiples fa\u00e7ades La cour aux teintes chatoyantes Une entr\u00e9e gard\u00e9e Une confection minutieuse Une d\u00e9coration soign\u00e9e La cellule 506 \u00c9bullition en cuisine Une pi\u00e8ce ma\u00eetresse imposante Partie de baseball improvis\u00e9e Un lien avec l&rsquo;ext\u00e9rieur La verdure sur le palier Le linge propre ramass\u00e9 L&rsquo;air frais s&rsquo;engouffre Un cabinet exigu Un brin de toilette [&hellip;]<\/p>\n","protected":false},"author":1,"featured_media":0,"parent":0,"menu_order":0,"comment_status":"closed","ping_status":"closed","template":"","meta":[],"_links":{"self":[{"href":"https:\/\/justinebyra.com\/index.php\/wp-json\/wp\/v2\/pages\/25"}],"collection":[{"href":"https:\/\/justinebyra.com\/index.php\/wp-json\/wp\/v2\/pages"}],"about":[{"href":"https:\/\/justinebyra.com\/index.php\/wp-json\/wp\/v2\/types\/page"}],"author":[{"embeddable":true,"href":"https:\/\/justinebyra.com\/index.php\/wp-json\/wp\/v2\/users\/1"}],"replies":[{"embeddable":true,"href":"https:\/\/justinebyra.com\/index.php\/wp-json\/wp\/v2\/comments?post=25"}],"version-history":[{"count":10,"href":"https:\/\/justinebyra.com\/index.php\/wp-json\/wp\/v2\/pages\/25\/revisions"}],"predecessor-version":[{"id":897,"href":"https:\/\/justinebyra.com\/index.php\/wp-json\/wp\/v2\/pages\/25\/revisions\/897"}],"wp:attachment":[{"href":"https:\/\/justinebyra.com\/index.php\/wp-json\/wp\/v2\/media?parent=25"}],"curies":[{"name":"wp","href":"https:\/\/api.w.org\/{rel}","templated":true}]}}